{"id":18,"date":"2024-04-19T21:21:11","date_gmt":"2024-04-19T21:21:11","guid":{"rendered":"https:\/\/www.art4projects.com\/?page_id=18"},"modified":"2024-04-24T22:19:17","modified_gmt":"2024-04-24T22:19:17","slug":"over","status":"publish","type":"page","link":"https:\/\/www.art4projects.com\/es\/over\/","title":{"rendered":"&#8220;MOVEBLE REAL ESTATE&#8221;"},"content":{"rendered":"<p>Este texto propone una colaboraci\u00f3n \u00fanica entre la experiencia en planificaci\u00f3n y dise\u00f1o de eventos con un reconocido constructor de marcos de madera<strong><em> \u00a8Experiencia vanguardista en construcci\u00f3n con madera y materiales biodegradables\u00a8<\/em><\/strong> da como resultado una alianza curtida y poco convencional: <br><br>Creadores Creativos es un colectivo de apasionados constructores e innovadores que prospera pensando m\u00e1s all\u00e1 de los l\u00edmites tradicionales.\n\nCon m\u00e1s de 25 a\u00f1os de experiencia combinada en construcci\u00f3n circular, materiales, eventos, log\u00edstica, ingenier\u00eda, visualizaci\u00f3n y dise\u00f1o, nuestro equipo est\u00e1 formado por un talento diverso que incluye dise\u00f1adores, ingenieros, arquitectos, desarrolladores de productos, constructores y especialistas en transporte e infraestructura.\n\nEn estrecha colaboraci\u00f3n con un grupo selecto de socios t\u00e9cnicos que comparten nuestro compromiso con los materiales sostenibles y la reutilizaci\u00f3n, nos dedicamos a ampliar los l\u00edmites de la ingenier\u00eda y la reutilizaci\u00f3n de la madera.\n\nBasados en la l\u00f3gica y la pasi\u00f3n de los dise\u00f1adores de eventos, nos esforzamos constantemente por innovar y crear soluciones sostenibles.<\/p>\n\n\n\n<ul class=\"wp-block-list\">\n<li><strong><em>Houses, appartments, restaurants, schools, commercial real estate<\/em><\/strong><\/li>\n\n\n\n<li><strong><em>Engenering, already done<\/em><\/strong><\/li>\n\n\n\n<li><strong><em>Quote in 1 day<\/em><\/strong><\/li>\n\n\n\n<li><strong><em>Data driven<\/em><\/strong> <strong><em>(ERP, BIM, ISO 14001, Robotized)<\/em><\/strong><\/li>\n\n\n\n<li><strong><em>Plug and play <\/em><\/strong><\/li>\n\n\n\n<li><strong><em>Scalable by 120 cm <\/em><\/strong><\/li>\n\n\n\n<li><strong><em>Construction time with 5 man crew: 1 day, 120 m2<\/em><\/strong> <\/li>\n\n\n\n<li><strong><em>Transport for 120 m2: 2 containers<\/em><\/strong><\/li>\n\n\n\n<li><strong><em>Waste: almost none<\/em><\/strong><\/li>\n\n\n\n<li><strong><em>CO2 neutral<\/em><\/strong><\/li>\n\n\n\n<li><strong><em>Earthquake resistant<\/em><\/strong><\/li>\n\n\n\n<li><strong><em>Construction without scaffolding and cranes<\/em><\/strong><\/li>\n\n\n\n<li><strong><em>End of life: Dismountable Transformable<\/em><\/strong><\/li>\n\n\n\n<li><strong><em>Residual value<\/em><\/strong><\/li>\n<\/ul>\n\n\n\n<p>\u00bfQuieres producir y construir por tu cuenta? <strong><em>Obt\u00e9n tu licencia aqu\u00ed.<\/em><\/strong><\/p>\n\n\n\n<figure class=\"wp-block-image size-large\"><img data-recalc-dims=\"1\" loading=\"lazy\" decoding=\"async\" width=\"525\" height=\"265\" src=\"https:\/\/i0.wp.com\/www.art4projects.com\/wp-content\/uploads\/2024\/04\/test-2.png?resize=525%2C265&#038;ssl=1\" alt=\"\" class=\"wp-image-105\" srcset=\"https:\/\/i0.wp.com\/www.art4projects.com\/wp-content\/uploads\/2024\/04\/test-2.png?resize=1024%2C517&amp;ssl=1 1024w, https:\/\/i0.wp.com\/www.art4projects.com\/wp-content\/uploads\/2024\/04\/test-2.png?resize=300%2C152&amp;ssl=1 300w, https:\/\/i0.wp.com\/www.art4projects.com\/wp-content\/uploads\/2024\/04\/test-2.png?resize=768%2C388&amp;ssl=1 768w, https:\/\/i0.wp.com\/www.art4projects.com\/wp-content\/uploads\/2024\/04\/test-2.png?resize=1536%2C776&amp;ssl=1 1536w, https:\/\/i0.wp.com\/www.art4projects.com\/wp-content\/uploads\/2024\/04\/test-2.png?resize=2048%2C1035&amp;ssl=1 2048w, https:\/\/i0.wp.com\/www.art4projects.com\/wp-content\/uploads\/2024\/04\/test-2.png?resize=18%2C9&amp;ssl=1 18w\" sizes=\"auto, (max-width: 767px) 89vw, (max-width: 1000px) 54vw, (max-width: 1071px) 543px, 580px\" \/><\/figure>\n\n\n\n<figure class=\"wp-block-image size-large\"><img data-recalc-dims=\"1\" loading=\"lazy\" decoding=\"async\" width=\"525\" height=\"292\" src=\"https:\/\/i0.wp.com\/www.art4projects.com\/wp-content\/uploads\/2024\/04\/appartmenst.png?resize=525%2C292&#038;ssl=1\" alt=\"\" class=\"wp-image-225\" srcset=\"https:\/\/i0.wp.com\/www.art4projects.com\/wp-content\/uploads\/2024\/04\/appartmenst.png?resize=1024%2C570&amp;ssl=1 1024w, https:\/\/i0.wp.com\/www.art4projects.com\/wp-content\/uploads\/2024\/04\/appartmenst.png?resize=300%2C167&amp;ssl=1 300w, https:\/\/i0.wp.com\/www.art4projects.com\/wp-content\/uploads\/2024\/04\/appartmenst.png?resize=768%2C427&amp;ssl=1 768w, https:\/\/i0.wp.com\/www.art4projects.com\/wp-content\/uploads\/2024\/04\/appartmenst.png?resize=1536%2C854&amp;ssl=1 1536w, https:\/\/i0.wp.com\/www.art4projects.com\/wp-content\/uploads\/2024\/04\/appartmenst.png?resize=18%2C10&amp;ssl=1 18w, https:\/\/i0.wp.com\/www.art4projects.com\/wp-content\/uploads\/2024\/04\/appartmenst.png?w=1636&amp;ssl=1 1636w\" sizes=\"auto, (max-width: 767px) 89vw, (max-width: 1000px) 54vw, (max-width: 1071px) 543px, 580px\" \/><\/figure>\n\n\n\n<figure class=\"wp-block-image size-full\"><img data-recalc-dims=\"1\" loading=\"lazy\" decoding=\"async\" width=\"525\" height=\"214\" src=\"https:\/\/i0.wp.com\/www.art4projects.com\/wp-content\/uploads\/2024\/04\/Schermafbeelding-2024-04-23-161104-sdf.png?resize=525%2C214&#038;ssl=1\" alt=\"\" class=\"wp-image-107\" srcset=\"https:\/\/i0.wp.com\/www.art4projects.com\/wp-content\/uploads\/2024\/04\/Schermafbeelding-2024-04-23-161104-sdf.png?w=1022&amp;ssl=1 1022w, https:\/\/i0.wp.com\/www.art4projects.com\/wp-content\/uploads\/2024\/04\/Schermafbeelding-2024-04-23-161104-sdf.png?resize=300%2C122&amp;ssl=1 300w, https:\/\/i0.wp.com\/www.art4projects.com\/wp-content\/uploads\/2024\/04\/Schermafbeelding-2024-04-23-161104-sdf.png?resize=768%2C313&amp;ssl=1 768w, https:\/\/i0.wp.com\/www.art4projects.com\/wp-content\/uploads\/2024\/04\/Schermafbeelding-2024-04-23-161104-sdf.png?resize=18%2C7&amp;ssl=1 18w\" sizes=\"auto, (max-width: 767px) 89vw, (max-width: 1000px) 54vw, (max-width: 1071px) 543px, 580px\" \/><\/figure>","protected":false},"excerpt":{"rendered":"<p>Blending event expertise in event planning and design with a renowned timber frame builder&#8221; prowess in wood construction and bio-based materials results in a seasoned and unconventional partnership: Creative Makers. This collective of passionate builders and innovators thrives on thinking beyond traditional boundaries. With over 25 years of combined experience in circular construction, materials, events, &hellip; <\/p>\n<p class=\"link-more\"><a href=\"https:\/\/www.art4projects.com\/es\/over\/\" class=\"more-link\">Continuar leyendo<span class=\"screen-reader-text\"> &#8220;&#8220;MOVEBLE REAL ESTATE&#8221;&#8221;<\/span><\/a><\/p>","protected":false},"author":1,"featured_media":172,"parent":0,"menu_order":0,"comment_status":"closed","ping_status":"closed","template":"","meta":{"footnotes":""},"class_list":["post-18","page","type-page","status-publish","has-post-thumbnail","hentry"],"jetpack_sharing_enabled":true,"_links":{"self":[{"href":"https:\/\/www.art4projects.com\/es\/wp-json\/wp\/v2\/pages\/18","targetHints":{"allow":["GET"]}}],"collection":[{"href":"https:\/\/www.art4projects.com\/es\/wp-json\/wp\/v2\/pages"}],"about":[{"href":"https:\/\/www.art4projects.com\/es\/wp-json\/wp\/v2\/types\/page"}],"author":[{"embeddable":true,"href":"https:\/\/www.art4projects.com\/es\/wp-json\/wp\/v2\/users\/1"}],"replies":[{"embeddable":true,"href":"https:\/\/www.art4projects.com\/es\/wp-json\/wp\/v2\/comments?post=18"}],"version-history":[{"count":23,"href":"https:\/\/www.art4projects.com\/es\/wp-json\/wp\/v2\/pages\/18\/revisions"}],"predecessor-version":[{"id":236,"href":"https:\/\/www.art4projects.com\/es\/wp-json\/wp\/v2\/pages\/18\/revisions\/236"}],"wp:featuredmedia":[{"embeddable":true,"href":"https:\/\/www.art4projects.com\/es\/wp-json\/wp\/v2\/media\/172"}],"wp:attachment":[{"href":"https:\/\/www.art4projects.com\/es\/wp-json\/wp\/v2\/media?parent=18"}],"curies":[{"name":"wp","href":"https:\/\/api.w.org\/{rel}","templated":true}]}}