{"id":79,"date":"2024-04-23T09:08:08","date_gmt":"2024-04-23T09:08:08","guid":{"rendered":"https:\/\/www.art4projects.com\/home-2\/"},"modified":"2024-05-13T17:04:59","modified_gmt":"2024-05-13T15:04:59","slug":"home-2","status":"publish","type":"page","link":"https:\/\/www.art4projects.com\/es\/","title":{"rendered":"\"EMPODERANDO LA EXCELENCIA: TU PUERTA DE ENTRADA A LOS MEJORES DISE\u00d1ADORES EN EVENTOS, BIENES RA\u00cdCES SOSTENIBLES, INTERIORES Y M\u00c1S ALL\u00c1\""},"content":{"rendered":"<div class=\"wp-block-group is-content-justification-space-between is-nowrap is-layout-flex wp-container-core-group-is-layout-0dfbf163 wp-block-group-is-layout-flex\">\n<ul class=\"wp-block-list\"><\/ul>\n<\/div>\n\n\n\n<p>Bienvenido a la red ART4PROJECTS, <br>la agencia que <strong><em>conecta a tu empresa con los mejores profesionales<\/em><\/strong> en los campos de eventos, roadshows, arquitectura, ingenier\u00eda y construcci\u00f3n sostenible y circular.<\/p>\n\n\n\n<p>Representamos a cuatro empresas, cada una con su propia experiencia. A lo largo de nuestros viajes a distintas ciudades y empresas este a\u00f1o, podr\u00e1s experimentar de primera mano lo que ofrecemos. \u00a1Y s\u00ed, tu empresa tambi\u00e9n puede ser uno de esos destinos!<\/p>\n\n\n\n<p>Sigue nuestra ruta, programa una reuni\u00f3n con nosotros o reserva una conversaci\u00f3n. ART4PROJECTS, la red principal para conectar con profesionales.<\/p>","protected":false},"excerpt":{"rendered":"<p>Welcome to ART4PROJECTS network, the agency that connects your business with the finest professionals in the fields of events, roadshows, architecture, engineering, and sustainable, circular construction. We represent four companies, each with its own expertise. Through our journeys to various cities and companies this year, you can experience firsthand what we have to offer. And &hellip; <\/p>\n<p class=\"link-more\"><a href=\"https:\/\/www.art4projects.com\/es\/\" class=\"more-link\">Continuar leyendo<span class=\"screen-reader-text\"> &#8220;&#8220;Empowering Excellence: Your Gateway to Top Designers in Events, Sustainable Real Estate, Interiors, and Beyond&#8221;&#8221;<\/span><\/a><\/p>","protected":false},"author":1,"featured_media":0,"parent":0,"menu_order":0,"comment_status":"closed","ping_status":"closed","template":"","meta":{"footnotes":""},"class_list":["post-79","page","type-page","status-publish","hentry"],"jetpack_sharing_enabled":true,"_links":{"self":[{"href":"https:\/\/www.art4projects.com\/es\/wp-json\/wp\/v2\/pages\/79","targetHints":{"allow":["GET"]}}],"collection":[{"href":"https:\/\/www.art4projects.com\/es\/wp-json\/wp\/v2\/pages"}],"about":[{"href":"https:\/\/www.art4projects.com\/es\/wp-json\/wp\/v2\/types\/page"}],"author":[{"embeddable":true,"href":"https:\/\/www.art4projects.com\/es\/wp-json\/wp\/v2\/users\/1"}],"replies":[{"embeddable":true,"href":"https:\/\/www.art4projects.com\/es\/wp-json\/wp\/v2\/comments?post=79"}],"version-history":[{"count":15,"href":"https:\/\/www.art4projects.com\/es\/wp-json\/wp\/v2\/pages\/79\/revisions"}],"predecessor-version":[{"id":264,"href":"https:\/\/www.art4projects.com\/es\/wp-json\/wp\/v2\/pages\/79\/revisions\/264"}],"wp:attachment":[{"href":"https:\/\/www.art4projects.com\/es\/wp-json\/wp\/v2\/media?parent=79"}],"curies":[{"name":"wp","href":"https:\/\/api.w.org\/{rel}","templated":true}]}}